{"id":23,"date":"2010-11-09T21:13:00","date_gmt":"2010-11-09T20:13:00","guid":{"rendered":"http:\/\/89.160.6.212"},"modified":"2019-06-26T19:56:05","modified_gmt":"2019-06-26T18:56:05","slug":"kontakta-oss","status":"publish","type":"page","link":"https:\/\/hglas.com\/?page_id=23","title":{"rendered":"Kontakta oss"},"content":{"rendered":"<p>Kontakta oss snabbt och enkelt genom att fylla i den h\u00e4r formul\u00e4ret.<\/p>\n\n<div class=\"wpcf7 no-js\" id=\"wpcf7-f79-o1\" lang=\"en-US\" dir=\"ltr\" data-wpcf7-id=\"79\">\n<div class=\"screen-reader-response\"><p role=\"status\" aria-live=\"polite\" aria-atomic=\"true\"><\/p> <ul><\/ul><\/div>\n<form action=\"\/index.php?rest_route=%2Fwp%2Fv2%2Fpages%2F23#wpcf7-f79-o1\" method=\"post\" class=\"wpcf7-form init\" aria-label=\"Contact form\" novalidate=\"novalidate\" data-status=\"init\">\n<fieldset class=\"hidden-fields-container\"><input type=\"hidden\" name=\"_wpcf7\" value=\"79\" \/><input type=\"hidden\" name=\"_wpcf7_version\" value=\"6.1.5\" \/><input type=\"hidden\" name=\"_wpcf7_locale\" value=\"en_US\" \/><input type=\"hidden\" name=\"_wpcf7_unit_tag\" value=\"wpcf7-f79-o1\" \/><input type=\"hidden\" name=\"_wpcf7_container_post\" value=\"0\" \/><input type=\"hidden\" name=\"_wpcf7_posted_data_hash\" value=\"\" \/>\n<\/fieldset>\n<p>Ditt namn\n<\/p>\n<p><span class=\"wpcf7-form-control-wrap\" data-name=\"your-name\"><input size=\"40\" maxlength=\"400\" class=\"wpcf7-form-control wpcf7-text wpcf7-validates-as-required\" aria-required=\"true\" aria-invalid=\"false\" value=\"\" type=\"text\" name=\"your-name\" \/><\/span>\n<\/p>\n<p>Din epost\n<\/p>\n<p><span class=\"wpcf7-form-control-wrap\" data-name=\"your-email\"><input size=\"40\" maxlength=\"400\" class=\"wpcf7-form-control wpcf7-email wpcf7-validates-as-required wpcf7-text wpcf7-validates-as-email\" aria-required=\"true\" aria-invalid=\"false\" value=\"\" type=\"email\" name=\"your-email\" \/><\/span>\n<\/p>\n<p>\u00c4rende\n<\/p>\n<p><span class=\"wpcf7-form-control-wrap\" data-name=\"your-subject\"><input size=\"40\" maxlength=\"400\" class=\"wpcf7-form-control wpcf7-text\" aria-invalid=\"false\" value=\"\" type=\"text\" name=\"your-subject\" \/><\/span>\n<\/p>\n<p>Meddelande\n<\/p>\n<p><span class=\"wpcf7-form-control-wrap\" data-name=\"your-message\"><textarea cols=\"40\" rows=\"10\" maxlength=\"2000\" class=\"wpcf7-form-control wpcf7-textarea\" aria-invalid=\"false\" name=\"your-message\"><\/textarea><\/span>\n<\/p>\n<p>F\u00f6r att skilja dig fr\u00e5n en \"reklamifyllare\", svara p\u00e5 fr\u00e5gan nedan:<br \/>\n<span class=\"wpcf7-form-control-wrap\" data-name=\"quiz-55\"><label><span class=\"wpcf7-quiz-label\">Vad blir alvat bakl\u00e4nges?<\/span> <input size=\"40\" class=\"wpcf7-form-control wpcf7-quiz\" autocomplete=\"off\" aria-required=\"true\" aria-invalid=\"false\" type=\"text\" name=\"quiz-55\" \/><\/label><input type=\"hidden\" name=\"_wpcf7_quiz_answer_quiz-55\" value=\"666441c0ed41cba7ea7a411ae1b11a27\" \/><\/span>\n<\/p>\n<p><input class=\"wpcf7-form-control wpcf7-submit has-spinner\" type=\"submit\" value=\"Skicka\" \/>\n<\/p><p style=\"display: none !important;\" class=\"akismet-fields-container\" data-prefix=\"_wpcf7_ak_\"><label>&#916;<textarea name=\"_wpcf7_ak_hp_textarea\" cols=\"45\" rows=\"8\" maxlength=\"100\"><\/textarea><\/label><input type=\"hidden\" id=\"ak_js_1\" name=\"_wpcf7_ak_js\" value=\"136\"\/><script>document.getElementById( \"ak_js_1\" ).setAttribute( \"value\", ( new Date() ).getTime() );<\/script><\/p><div class=\"wpcf7-response-output\" aria-hidden=\"true\"><\/div>\n<\/form>\n<\/div>\n\n<p>Eller bes\u00f6k g\u00e4rna v\u00e5r butik p\u00e5 Esplanaden 15, se karta till h\u00f6ger.<\/p>\n<p><strong>Telefon ramverkstad:<\/strong>&nbsp; 08-298540<br \/>\n<strong>Telefon Glasm\u00e4steri:&nbsp; <\/strong> 08-985511&nbsp; &#8211;&nbsp; 08-281411<br \/>\n<strong>Jourtelefon:<\/strong> 08-985511&nbsp; &#8211;&nbsp; 070-8350785<br \/>\n<strong>Email:<\/strong> <a href=\"mailto:epost@hglas.com\">epost@hglas.com<\/a> <a href=\"mailto:info@berglundsglas.nu\">info@berglundsglas.nu<\/a><\/p>\n","protected":false},"excerpt":{"rendered":"<p>Kontakta oss snabbt och enkelt genom att fylla i den h\u00e4r formul\u00e4ret. Eller bes\u00f6k g\u00e4rna v\u00e5r butik p\u00e5 Esplanaden 15, se karta till h\u00f6ger. Telefon ramverkstad:&nbsp; 08-298540 Telefon Glasm\u00e4steri:&nbsp; 08-985511&nbsp; &#8211;&nbsp; 08-281411 Jourtelefon: 08-985511&nbsp; &#8211;&nbsp; 070-8350785 Email: epost@hglas.com info@berglundsglas.nu<\/p>\n","protected":false},"author":2,"featured_media":0,"parent":0,"menu_order":0,"comment_status":"closed","ping_status":"closed","template":"","meta":{"footnotes":""},"class_list":["post-23","page","type-page","status-publish","hentry"],"_links":{"self":[{"href":"https:\/\/hglas.com\/index.php?rest_route=\/wp\/v2\/pages\/23","targetHints":{"allow":["GET"]}}],"collection":[{"href":"https:\/\/hglas.com\/index.php?rest_route=\/wp\/v2\/pages"}],"about":[{"href":"https:\/\/hglas.com\/index.php?rest_route=\/wp\/v2\/types\/page"}],"author":[{"embeddable":true,"href":"https:\/\/hglas.com\/index.php?rest_route=\/wp\/v2\/users\/2"}],"replies":[{"embeddable":true,"href":"https:\/\/hglas.com\/index.php?rest_route=%2Fwp%2Fv2%2Fcomments&post=23"}],"version-history":[{"count":8,"href":"https:\/\/hglas.com\/index.php?rest_route=\/wp\/v2\/pages\/23\/revisions"}],"predecessor-version":[{"id":667,"href":"https:\/\/hglas.com\/index.php?rest_route=\/wp\/v2\/pages\/23\/revisions\/667"}],"wp:attachment":[{"href":"https:\/\/hglas.com\/index.php?rest_route=%2Fwp%2Fv2%2Fmedia&parent=23"}],"curies":[{"name":"wp","href":"https:\/\/api.w.org\/{rel}","templated":true}]}}