{"id":80,"date":"2012-01-10T23:12:15","date_gmt":"2012-01-10T22:12:15","guid":{"rendered":"http:\/\/89.160.6.210\/hglas\/?page_id=80"},"modified":"2020-08-27T11:01:43","modified_gmt":"2020-08-27T10:01:43","slug":"ramverkstaden","status":"publish","type":"page","link":"https:\/\/hglas.com\/?page_id=80","title":{"rendered":"Ramverkstaden"},"content":{"rendered":"<p><strong>F\u00d6RSTA TAVLAN RAMADE H\u00c5KANSSONS GLAS IN 1912<\/strong><\/p>\n<p>V\u00e4lkommen till v\u00e5r ramverkstad.<\/p>\n<p>H\u00e4r f\u00e5r du hj\u00e4lp med att rama in dina, teckningar, litografier, etsningar, oljem\u00e5lningar, fotografier, handarbeten, textilier \u00a0mm.<\/p>\n<p>Olga, v\u00e5r rammakare hj\u00e4lper dig att v\u00e4lja bland v\u00e5rt stora utbud av ramlister och ger dig r\u00e5d om din inramning.<\/p>\n<p>V\u00e5ra kunder \u00e4r privatpersoner, f\u00f6retag, konstf\u00f6reningar och konstn\u00e4rer.<\/p>\n<p>Hos oss f\u00e5r du dina inramningar fackm\u00e4ssigt och ansvarsfullt utf\u00f6rda.<\/p>\n<p>Olga \u00e4r certifierad konstinramare med ges\u00e4llbrev.<\/p>\n<p>Vi \u00e4r medlem i Glasbranschf\u00f6reningen och Hantverkarna Stockholm.<\/p>\n<p>V\u00e5rt ramsortiment best\u00e5r av Nielsen Design och Konstlist, http:\/\/konstlist.se\/<\/p>\n<p><strong>V\u00e4lkommen in med dina inramningsarbeten!<br \/>\n<\/strong><\/p>\n","protected":false},"excerpt":{"rendered":"<p>F\u00d6RSTA TAVLAN RAMADE H\u00c5KANSSONS GLAS IN 1912 V\u00e4lkommen till v\u00e5r ramverkstad. H\u00e4r f\u00e5r du hj\u00e4lp med att rama in dina, teckningar, litografier, etsningar, oljem\u00e5lningar, fotografier, handarbeten, textilier \u00a0mm. Olga, v\u00e5r rammakare hj\u00e4lper dig att v\u00e4lja bland v\u00e5rt stora utbud av &hellip; <a href=\"https:\/\/hglas.com\/?page_id=80\">Continue reading <span class=\"meta-nav\">&rarr;<\/span><\/a><\/p>\n","protected":false},"author":1,"featured_media":0,"parent":0,"menu_order":0,"comment_status":"closed","ping_status":"closed","template":"","meta":{"footnotes":""},"class_list":["post-80","page","type-page","status-publish","hentry"],"_links":{"self":[{"href":"https:\/\/hglas.com\/index.php?rest_route=\/wp\/v2\/pages\/80","targetHints":{"allow":["GET"]}}],"collection":[{"href":"https:\/\/hglas.com\/index.php?rest_route=\/wp\/v2\/pages"}],"about":[{"href":"https:\/\/hglas.com\/index.php?rest_route=\/wp\/v2\/types\/page"}],"author":[{"embeddable":true,"href":"https:\/\/hglas.com\/index.php?rest_route=\/wp\/v2\/users\/1"}],"replies":[{"embeddable":true,"href":"https:\/\/hglas.com\/index.php?rest_route=%2Fwp%2Fv2%2Fcomments&post=80"}],"version-history":[{"count":15,"href":"https:\/\/hglas.com\/index.php?rest_route=\/wp\/v2\/pages\/80\/revisions"}],"predecessor-version":[{"id":572,"href":"https:\/\/hglas.com\/index.php?rest_route=\/wp\/v2\/pages\/80\/revisions\/572"}],"wp:attachment":[{"href":"https:\/\/hglas.com\/index.php?rest_route=%2Fwp%2Fv2%2Fmedia&parent=80"}],"curies":[{"name":"wp","href":"https:\/\/api.w.org\/{rel}","templated":true}]}}